{"id":15235,"date":"2019-03-12T02:10:32","date_gmt":"2019-03-12T11:10:32","guid":{"rendered":"https:\/\/chenaauroraviewlodge.com\/product\/aurora-borealis-tour-zur-viewing-lodge\/"},"modified":"2019-03-12T02:10:32","modified_gmt":"2019-03-12T11:10:32","slug":"aurora-borealis-tour-zur-viewing-lodge","status":"publish","type":"product","link":"https:\/\/chenaauroraviewlodge.com\/de\/produkt\/aurora-borealis-tour-zur-viewing-lodge\/","title":{"rendered":"Aurora Borealis Tour zur Viewing Lodge"},"content":{"rendered":"<div id=\"main-content\">\n<article id=\"post-50030\" class=\"post-50030 page type-page status-publish has-post-thumbnail hentry\">\n<div class=\"entry-content\">\n<div id=\"et-boc\" class=\"et-boc\">\n<div class=\"et_builder_inner_content et_pb_gutters3\">\n<div class=\"et_pb_section et_pb_section_0 et_section_regular\">\n<div class=\"et_pb_row et_pb_row_1\">\n<div class=\"et_pb_column et_pb_column_4_4 et_pb_column_2    et_pb_css_mix_blend_mode_passthrough et-last-child\">\n<div class=\"et_pb_module et_pb_tabs et_pb_tabs_0 \">\n<div class=\"et_pb_all_tabs\">\n<div class=\"et_pb_tab et_pb_tab_0 clearfix et_pb_active_content et-pb-active-slide\">\n<div class=\"et_pb_tab_content\">\n<p>Fahren Sie aus Fairbanks heraus zu unserer gem\u00fctlichen Lodge und genie\u00dfen Sie den uneingeschr\u00e4nkten Blick auf die Aurora Borealis. Bleiben Sie warm im Van oder h\u00fcpfen Sie heraus, um die frische Luft w\u00e4hrend einer Nacht zu genie\u00dfen, die Sie beim begeisterten Schauen und Staunen dieses nat\u00fcrlichen Ph\u00e4nomens verbringen. Diese Aurora Borealis Tour entf\u00fchrt Sie von den Lichtern der Stadt.<\/p>\n<p>Sie werden von Ihrem Hotel in Fairbanks abgeholt und verlassen die Stadt. Entfliehen Sie der Lichtverschmutzung der Stadt, w\u00e4hrend Sie sich zu unserer abgelegenen Lodge begeben. Unser Guide bringt Sie gegen drei Uhr morgens zur\u00fcck in Ihr Hotel. Halten Sie Ausschau nach Sternschnuppen und plaudern Sie mit Ihrem Guide \u00fcber die Wissenschaft hinter der Aurora Borealis. Richten Sie Ihre Kameraausr\u00fcstung ein, um Fotos der Aurora zu machen, w\u00e4hrend sie tanzt. Bevorzugen Sie ein aktiveres Nordlicht-Abenteuer?<\/p>\n<p>Hinweis: Airlink Shuttle und Tours kann nicht garantieren, dass das Nordlicht auf Ihrer Tour erscheint. Das Fairbanks Tagungs- und Besucherb\u00fcro sch\u00e4tzt, dass G\u00e4ste, die drei oder mehr Tage in Fairbanks bleiben, eine Chance von 90% haben, die Aurora Borealis zu sehen. Nutzen Sie die Vorteile von Airlink Shuttle und Tours, um die Lichtshows der Natur zu sehen.<\/p>\n<p>Die ideale Jahreszeit f\u00fcr eine Aurora-Besichtigung in Fairbanks ist von Mitte August bis Mitte April.<\/p>\n<\/div>\n<\/div>\n<\/div>\n<\/div>\n<\/div>\n<\/div>\n<\/div>\n<\/div>\n<\/div>\n<\/div>\n<\/article>\n<\/div>\n","protected":false},"excerpt":{"rendered":"<div class=\"et_pb_row et_pb_row_0\">\n<div class=\"et_pb_column et_pb_column_1_2 et_pb_column_1    et_pb_css_mix_blend_mode_passthrough\">\n<div class=\"et_pb_module et_pb_text et_pb_text_0 et_pb_bg_layout_light  et_pb_text_align_left\">\n<div class=\"et_pb_text_inner\">\n<p>Fahren Sie aus Fairbanks und weg von der Lichtverschmutzung der Stadt, um die Magie der Nordlichter in einer Wildnis H\u00fctte zu entdecken. Genie\u00dfen Sie in W\u00e4rme und Komfort einen Becher hei\u00dfe Schokolade oder bleiben Sie wach bei Kaffee, w\u00e4hrend Sie dieses bezaubernde fern\u00f6stliche Spektakel genie\u00dfen. Die Aurora-Besichtigungstour dauert etwa 6 Stunden.<\/p>\n<\/div>\n<\/div>\n<\/div>\n<\/div>\n<div class=\"et_pb_row et_pb_row_1\">\n<div class=\"et_pb_column et_pb_column_4_4 et_pb_column_2    et_pb_css_mix_blend_mode_passthrough et-last-child\">\n<div class=\"et_pb_module et_pb_tabs et_pb_tabs_0 \">\n[fareharbor shortname=\"airlinkalaska\" fallback=\"simple\" flow=\"19297\" items=\"62606\" type=\"responsive\"]\n<\/div>\n<\/div>\n<\/div>\n","protected":false},"featured_media":16759,"comment_status":"open","ping_status":"closed","template":"","meta":{"kt_blocks_editor_width":""},"_links":{"self":[{"href":"https:\/\/chenaauroraviewlodge.com\/de\/wp-json\/wp\/v2\/product\/15235"}],"collection":[{"href":"https:\/\/chenaauroraviewlodge.com\/de\/wp-json\/wp\/v2\/product"}],"about":[{"href":"https:\/\/chenaauroraviewlodge.com\/de\/wp-json\/wp\/v2\/types\/product"}],"replies":[{"embeddable":true,"href":"https:\/\/chenaauroraviewlodge.com\/de\/wp-json\/wp\/v2\/comments?post=15235"}],"wp:featuredmedia":[{"embeddable":true,"href":"https:\/\/chenaauroraviewlodge.com\/de\/wp-json\/wp\/v2\/media\/16759"}],"wp:attachment":[{"href":"https:\/\/chenaauroraviewlodge.com\/de\/wp-json\/wp\/v2\/media?parent=15235"}],"curies":[{"name":"wp","href":"https:\/\/api.w.org\/{rel}","templated":true}]}}