{"id":15234,"date":"2019-03-12T01:57:58","date_gmt":"2019-03-12T10:57:58","guid":{"rendered":"https:\/\/chenaauroraviewlodge.com\/product\/nordlichter-tour-an-den-murphy-dome\/"},"modified":"2019-03-12T01:57:58","modified_gmt":"2019-03-12T10:57:58","slug":"nordlichter-tour-an-den-murphy-dome","status":"publish","type":"product","link":"https:\/\/chenaauroraviewlodge.com\/de\/produkt\/nordlichter-tour-an-den-murphy-dome\/","title":{"rendered":"Nordlichter Tour an den Murphy Dome"},"content":{"rendered":"<div id=\"main-content\">\n<article id=\"post-50022\" class=\"post-50022 page type-page status-publish has-post-thumbnail hentry\">\n<div class=\"entry-content\">\n<div id=\"et-boc\" class=\"et-boc\">\n<div class=\"et_builder_inner_content et_pb_gutters3\">\n<div class=\"et_pb_section et_pb_section_0 et_section_regular\">\n<div class=\"et_pb_row et_pb_row_1\">\n<div class=\"et_pb_column et_pb_column_4_4 et_pb_column_2    et_pb_css_mix_blend_mode_passthrough et-last-child\">\n<div class=\"et_pb_module et_pb_tabs et_pb_tabs_0 \">\n<div class=\"et_pb_all_tabs\">\n<div class=\"et_pb_tab et_pb_tab_0 clearfix et_pb_active_content et-pb-active-slide\">\n<div class=\"et_pb_tab_content\">Fahren Sie von Fairbanks zum Murphy Dome und genie\u00dfen Sie ungehinderte Ausblicke an einem idealen Ort, um das Nordlicht zu sehen. Bleiben Sie warm im Van oder h\u00fcpfen Sie hinaus, um die frische Luft w\u00e4hrend einer Nacht zu genie\u00dfen, die Sie beim begeisterten Schauen und Staunen dieses nat\u00fcrlichen Ph\u00e4nomens verbringen. Diese Nordlichttour nimmt Sie von den Lichtern der Stadt weg und liegt w\u00e4hrend kalter Perioden oft \u00fcber der Temperaturinversion.Murphy Dome befindet sich 20 Meilen nordwestlich von Fairbanks, Alaska. Auf 2.890 Fu\u00df gelegen, ist Murphy Dome 2.500 Fu\u00df \u00fcber der Stadt Fairbanks. Es ist auch einer der h\u00f6chsten Gipfel in Fairbanks. An diesem erh\u00f6hten Aussichtspunkt k\u00f6nnen Sie \u00fcber die Baumwipfel blicken und einen 360-Grad-Blick auf den weiten Nachthimmel genie\u00dfen.<\/p>\n<p>Sie werden von Ihrem Hotel in Fairbanks abgeholt und verlassen die Stadt. Entfliehen Sie der Lichtverschmutzung der Stadt auf dem Weg zum Murphy Dome. Die beste Zeit, um Ihre Tour zu beginnen, ist zwischen 09:45 und 22:15 Uhr. Unser Guide bringt Sie gegen drei Uhr morgens zur\u00fcck in Ihr Hotel.<\/p>\n<p>Achten Sie auf Sternschnuppen. Sprechen Sie mit Ihrem Guide \u00fcber die Wissenschaft hinter den Nordlichtern. Richten Sie Ihre Kameraausr\u00fcstung ein, um Fotos der tanzenden Aurora zu machen. Wenn es Ihnen k\u00fchl wird, k\u00f6nnen Sie es sich im Van gem\u00fctlich machen und auf ein unvergessliches Kaleidoskop der Farben warten.<\/p>\n<p>Sehen Sie das Nordlicht lieber in einer gem\u00fctlichen Kabine mit hei\u00dfer Schokolade? Schauen Sie sich unsere Aurora Viewing Lodge Tour an!<\/p>\n<p>Hinweis: Der Gipfel des Murphy Dome, unseres bevorzugten Betrachtungsorts, verf\u00fcgt nicht \u00fcber \u00f6ffentliche Toiletten. Airlink Shuttle und Tours k\u00f6nnen nicht garantieren, dass die Nordlichter\/ Aurora Borealis auf Ihrer Tour erscheinen. Das Fairbanks Tagungs- und Besucherb\u00fcro sch\u00e4tzt, dass G\u00e4ste, die drei oder mehr Tage in Fairbanks bleiben, eine 90% ige Chance haben, das Nordlicht zu sehen. Nutzen Sie die Vorteile von Airlink Shuttle und Tours, um die Lichtshows der Natur zu sehen.<\/p>\n<\/div>\n<\/div>\n<\/div>\n<\/div>\n<\/div>\n<\/div>\n<\/div>\n<\/div>\n<\/div>\n<\/div>\n<\/article>\n<\/div>\n","protected":false},"excerpt":{"rendered":"<div class=\"et_pb_row et_pb_row_0\">\n<div class=\"et_pb_column et_pb_column_1_2 et_pb_column_1    et_pb_css_mix_blend_mode_passthrough\">\n<div class=\"et_pb_module et_pb_text et_pb_text_0 et_pb_bg_layout_light  et_pb_text_align_left\">\n<div class=\"et_pb_text_inner\">\n<p>Fahren Sie 20 Meilen nordwestlich von Fairbanks zum Murphy Dome, um einen ungehinderten Blick auf das Nordlicht zu erhalten. Auf 2.890 Fu\u00df gelegen, ist der Murphy Dome 2.500 Fu\u00df \u00fcber der Stadt Fairbanks. An diesem erh\u00f6hten Aussichtspunkt k\u00f6nnen Sie \u00fcber die Baumwipfel blicken und einen 360-Grad-Blick auf den weiten Nachthimmel genie\u00dfen. Bleiben Sie warm im Van oder h\u00fcpfen Sie hinaus, um die frische Luft w\u00e4hrend einer Nacht zu genie\u00dfen, die Sie beim beeindruckt Schauen und Staunen dieses nat\u00fcrlichen Ph\u00e4nomens verbringen.<\/p>\n[fareharbor shortname=\"airlinkalaska\" fallback=\"simple\" flow=\"19297\" items=\"62605\" type=\"responsive\"]\n<\/div>\n<\/div>\n<\/div>\n<\/div>\n","protected":false},"featured_media":16779,"comment_status":"open","ping_status":"closed","template":"","meta":{"kt_blocks_editor_width":""},"_links":{"self":[{"href":"https:\/\/chenaauroraviewlodge.com\/de\/wp-json\/wp\/v2\/product\/15234"}],"collection":[{"href":"https:\/\/chenaauroraviewlodge.com\/de\/wp-json\/wp\/v2\/product"}],"about":[{"href":"https:\/\/chenaauroraviewlodge.com\/de\/wp-json\/wp\/v2\/types\/product"}],"replies":[{"embeddable":true,"href":"https:\/\/chenaauroraviewlodge.com\/de\/wp-json\/wp\/v2\/comments?post=15234"}],"wp:featuredmedia":[{"embeddable":true,"href":"https:\/\/chenaauroraviewlodge.com\/de\/wp-json\/wp\/v2\/media\/16779"}],"wp:attachment":[{"href":"https:\/\/chenaauroraviewlodge.com\/de\/wp-json\/wp\/v2\/media?parent=15234"}],"curies":[{"name":"wp","href":"https:\/\/api.w.org\/{rel}","templated":true}]}}