{"id":15178,"date":"2019-04-21T16:11:12","date_gmt":"2019-04-22T01:11:18","guid":{"rendered":"https:\/\/chenaauroraviewlodge.com\/?post_type=product&#038;p=15178"},"modified":"2019-04-21T16:17:21","modified_gmt":"2019-04-22T01:17:21","slug":"hundeschlittentour","status":"publish","type":"product","link":"https:\/\/chenaauroraviewlodge.com\/de\/produkt\/hundeschlittentour\/","title":{"rendered":"Hundeschlitten Tour"},"content":{"rendered":"<h2>\u00dcber den Fluss und durch den Wald<\/h2>\n<p>Unser Hundeschlittenabenteuer geht durch ein Netz von Birken- und Fichtenw\u00e4ldern bergauf und bergab. Die Kraft und Ausdauer unserer Huskys werden Sie in Erstaunen versetzen. Wir beginnen unsere Tour mit einer einzigartigen &#8220;Kennenlern&#8221; -Tour durch unseren Zwinger, wo Sie die Hunde und Hundeschlittenfahrer treffen werden. Unsere Hundeschlittenfahrer sind erfahren und nehmen oft mit den Hunden im Zwinger an Rennen teil.<\/p>\n<p>Alle unsere Hundeschlitten-Touren beginnen und bleiben auf unserem 300-Acre-Grundst\u00fcck \u00f6stlich von Fairbanks, Alaska. Unser Standort ist ein urspr\u00fcngliches Alaska-Geh\u00f6ft, das seit \u00fcber 20 Jahren als Zwinger und Hundezucht betrieben wird. Unser Anwesen verf\u00fcgt \u00fcber ein einzigartiges Netz von W\u00e4ldern, Wanderwegen, H\u00fcgeln und T\u00e4lern. Sie werden das Gef\u00fchl haben, als w\u00fcrden Sie den Bundesstaat Alaska beim Yukon Quest-Hundeschlittenrennen durchqueren, ohne Fairbanks zu verlassen.<\/p>\n<h2>H\u00e4nde auf, Pfoten auf<\/h2>\n<p>F\u00fcr viele unserer G\u00e4ste ist die Tour durch unsere wundersch\u00f6nen Birkenw\u00e4lder im Inneren von Alaska nicht das Sahneh\u00e4ubchen. Hundeliebhaber werden es lieben, mit allen unseren 56 Schlittenhunden im Zwinger zu interagieren. Diese Hunde sind nicht nur Sportler, sondern auch unsere Familienmitglieder und wir behandeln sie so, wie wir m\u00f6chten, dass unsere Kinder behandelt werden. Unsere Hundeschlittenfahrer erz\u00e4hlen Geschichten von der Spur und geben Einblick in die einzigartigen Pers\u00f6nlichkeiten, die jeder unserer Hunde hat. Denken Sie daran, dass diese Hundeschlittenfahrer auch erfahrene Profis sind, die jahrelang mit diesen Hunden konkurriert haben, einschlie\u00dflich Langstreckenrennen wie dem Yukon Quest und Iditarod.<\/p>\n<h2><\/h2>\n<h2>Eine p\u00e4dagogische Erfahrung<\/h2>\n<p>Erfahren Sie, wie eines der sch\u00f6nsten Tiere unserer Erde, der Alaskische Husky, vom Welpen bis zum Leithund gez\u00fcchtet wird. Unsere F\u00fchrer erkl\u00e4ren, wie sie sich mit ihrem Team verbinden, wie sie die Hunde ausw\u00e4hlen, mit denen sie Rennen fahren, wie sie mit dem Team kommunizieren und wie sie mit Gefahren wie B\u00e4ren oder Elchen umgehen. Hundeschlittenfahren ist eine internationale Sportart, bei der Rennfahrer aus der ganzen Welt Alaska besuchen. Es ist eine gute Idee, den Schlittenfahrer zu fragen, ob er jemals mit jemandem aus Ihrem Staat oder Land konkurriert hat. Es ist eine kleine Welt und Hundeschlittenfahrer sind eine kleine, eng gekn\u00fcpfte Gemeinschaft, so dass sich jeder kennt.<\/p>\n<p>Diese Tour eignet sich f\u00fcr Touristen ohne vorherige Erfahrung in Hundeschlittenfahren oder Outdoor-Wintersport. Unsere Saison beginnt, sobald in Fairbanks der erste Schnee f\u00e4llt (normalerweise um den 15. Oktober) und dauert bis er ganz weg ist (Anfang April).<\/p>\n","protected":false},"excerpt":{"rendered":"<p>Was kann man in den Wintermonaten in Fairbanks, Alaska, tun? Nun, warum probieren Sie nicht Alaskas Traditionssport aus &#8211; Hundeschlittenfahren. Wir k\u00f6nnen uns nichts Entspannenderes und Heilenderes vorstellen, als mit einer Gruppe gl\u00fccklicher Huskys durch die Birkenw\u00e4lder im Inneren Alaskas zu fahren. Unsere Touren werden immer von erfahrenen, professionellen Hundeschlittenfahrern geleitet, die sich um ihre Hunde k\u00fcmmern, als w\u00e4ren sie Familienmitglieder. Sie k\u00f6nnen w\u00e4hlen, ob Sie in der Schurre sitzen (ein gro\u00dfartiger Ort f\u00fcr Fotos) oder auf einem Kufen Schlitten fahren.<\/p>\n[fareharbor shortname=\"airlinkalaska\" fallback=\"simple\" flow=\"19297\" items=\"62601\" type=\"responsive\"]\n","protected":false},"featured_media":16799,"comment_status":"open","ping_status":"closed","template":"","meta":{"kt_blocks_editor_width":""},"_links":{"self":[{"href":"https:\/\/chenaauroraviewlodge.com\/de\/wp-json\/wp\/v2\/product\/15178"}],"collection":[{"href":"https:\/\/chenaauroraviewlodge.com\/de\/wp-json\/wp\/v2\/product"}],"about":[{"href":"https:\/\/chenaauroraviewlodge.com\/de\/wp-json\/wp\/v2\/types\/product"}],"replies":[{"embeddable":true,"href":"https:\/\/chenaauroraviewlodge.com\/de\/wp-json\/wp\/v2\/comments?post=15178"}],"wp:featuredmedia":[{"embeddable":true,"href":"https:\/\/chenaauroraviewlodge.com\/de\/wp-json\/wp\/v2\/media\/16799"}],"wp:attachment":[{"href":"https:\/\/chenaauroraviewlodge.com\/de\/wp-json\/wp\/v2\/media?parent=15178"}],"curies":[{"name":"wp","href":"https:\/\/api.w.org\/{rel}","templated":true}]}}